{"id":270,"date":"2020-04-13T21:05:47","date_gmt":"2020-04-13T19:05:47","guid":{"rendered":"https:\/\/www.die-kronenwerkstatt.de\/?page_id=270"},"modified":"2021-02-17T21:33:02","modified_gmt":"2021-02-17T20:33:02","slug":"grundformen_","status":"publish","type":"page","link":"https:\/\/www.die-kronenwerkstatt.de\/index.php\/grundformen_\/","title":{"rendered":"Grundformen"},"content":{"rendered":"\t\t<div data-elementor-type=\"wp-page\" data-elementor-id=\"270\" class=\"elementor elementor-270\">\n\t\t\t\t\t\t<section class=\"elementor-section elementor-top-section elementor-element elementor-element-d16e2d8 elementor-section-content-top elementor-section-boxed elementor-section-height-default elementor-section-height-default\" data-id=\"d16e2d8\" data-element_type=\"section\">\n\t\t\t\t\t\t<div class=\"elementor-container elementor-column-gap-default\">\n\t\t\t\t\t<div class=\"elementor-column elementor-col-33 elementor-top-column elementor-element elementor-element-ff33534\" data-id=\"ff33534\" data-element_type=\"column\">\n\t\t\t<div class=\"elementor-widget-wrap elementor-element-populated\">\n\t\t\t\t\t\t<div class=\"elementor-element elementor-element-a2261f2 elementor-widget elementor-widget-image\" data-id=\"a2261f2\" data-element_type=\"widget\" data-widget_type=\"image.default\">\n\t\t\t\t<div class=\"elementor-widget-container\">\n\t\t\t\t\t\t\t\t\t\t\t\t\t\t\t<img fetchpriority=\"high\" decoding=\"async\" width=\"698\" height=\"1024\" src=\"https:\/\/www.die-kronenwerkstatt.de\/wp-content\/uploads\/2021\/02\/06-Michaela-698x1024.jpg\" class=\"attachment-large size-large wp-image-901\" alt=\"\" srcset=\"https:\/\/www.die-kronenwerkstatt.de\/wp-content\/uploads\/2021\/02\/06-Michaela-698x1024.jpg 698w, https:\/\/www.die-kronenwerkstatt.de\/wp-content\/uploads\/2021\/02\/06-Michaela-205x300.jpg 205w, https:\/\/www.die-kronenwerkstatt.de\/wp-content\/uploads\/2021\/02\/06-Michaela-768x1126.jpg 768w, https:\/\/www.die-kronenwerkstatt.de\/wp-content\/uploads\/2021\/02\/06-Michaela-1047x1536.jpg 1047w, https:\/\/www.die-kronenwerkstatt.de\/wp-content\/uploads\/2021\/02\/06-Michaela-1397x2048.jpg 1397w, https:\/\/www.die-kronenwerkstatt.de\/wp-content\/uploads\/2021\/02\/06-Michaela-1568x2299.jpg 1568w, https:\/\/www.die-kronenwerkstatt.de\/wp-content\/uploads\/2021\/02\/06-Michaela-scaled.jpg 1746w\" sizes=\"(max-width: 698px) 100vw, 698px\" style=\"width:100%;height:146.62%;max-width:1746px\" \/>\t\t\t\t\t\t\t\t\t\t\t\t\t\t\t<\/div>\n\t\t\t\t<\/div>\n\t\t\t\t\t<\/div>\n\t\t<\/div>\n\t\t\t\t<div class=\"elementor-column elementor-col-66 elementor-top-column elementor-element elementor-element-19ff006\" data-id=\"19ff006\" data-element_type=\"column\">\n\t\t\t<div class=\"elementor-widget-wrap elementor-element-populated\">\n\t\t\t\t\t\t<div class=\"elementor-element elementor-element-2e1c639 elementor-widget elementor-widget-text-editor\" data-id=\"2e1c639\" data-element_type=\"widget\" data-widget_type=\"text-editor.default\">\n\t\t\t\t<div class=\"elementor-widget-container\">\n\t\t\t\t\t\t\t\t\t<p><strong>Krone<br \/><\/strong>Eine Krone ist ein geschlossener Reif, der auf der Kopfmitte aufliegt. Das Wort Krone bedeutet im Lateinischen \u201eKranz\u201c. Man kennt die Krone aber nicht nur &#8222;royal&#8220;, sondern aus Naturmaterialien auch als\u00a0 Erntekrone oder Bl\u00fctenkranz.<\/p>\t\t\t\t\t\t\t\t<\/div>\n\t\t\t\t<\/div>\n\t\t\t\t\t<\/div>\n\t\t<\/div>\n\t\t\t\t\t<\/div>\n\t\t<\/section>\n\t\t\t\t<section class=\"elementor-section elementor-top-section elementor-element elementor-element-0ea766f elementor-section-content-top elementor-section-boxed elementor-section-height-default elementor-section-height-default\" data-id=\"0ea766f\" data-element_type=\"section\">\n\t\t\t\t\t\t<div class=\"elementor-container elementor-column-gap-default\">\n\t\t\t\t\t<div class=\"elementor-column elementor-col-50 elementor-top-column elementor-element elementor-element-ea15db7\" data-id=\"ea15db7\" data-element_type=\"column\">\n\t\t\t<div class=\"elementor-widget-wrap elementor-element-populated\">\n\t\t\t\t\t\t<div class=\"elementor-element elementor-element-e35aeed elementor-widget elementor-widget-image\" data-id=\"e35aeed\" data-element_type=\"widget\" data-widget_type=\"image.default\">\n\t\t\t\t<div class=\"elementor-widget-container\">\n\t\t\t\t\t\t\t\t\t\t\t\t\t\t\t<img decoding=\"async\" width=\"750\" height=\"1009\" src=\"https:\/\/www.die-kronenwerkstatt.de\/wp-content\/uploads\/2021\/02\/26-Manuela-761x1024.jpg\" class=\"attachment-large size-large wp-image-903\" alt=\"\" srcset=\"https:\/\/www.die-kronenwerkstatt.de\/wp-content\/uploads\/2021\/02\/26-Manuela-761x1024.jpg 761w, https:\/\/www.die-kronenwerkstatt.de\/wp-content\/uploads\/2021\/02\/26-Manuela-223x300.jpg 223w, https:\/\/www.die-kronenwerkstatt.de\/wp-content\/uploads\/2021\/02\/26-Manuela-768x1033.jpg 768w, https:\/\/www.die-kronenwerkstatt.de\/wp-content\/uploads\/2021\/02\/26-Manuela-1142x1536.jpg 1142w, https:\/\/www.die-kronenwerkstatt.de\/wp-content\/uploads\/2021\/02\/26-Manuela-1523x2048.jpg 1523w, https:\/\/www.die-kronenwerkstatt.de\/wp-content\/uploads\/2021\/02\/26-Manuela-1568x2109.jpg 1568w, https:\/\/www.die-kronenwerkstatt.de\/wp-content\/uploads\/2021\/02\/26-Manuela-scaled.jpg 1904w\" sizes=\"(max-width: 750px) 100vw, 750px\" style=\"width:100%;height:134.45%;max-width:1904px\" \/>\t\t\t\t\t\t\t\t\t\t\t\t\t\t\t<\/div>\n\t\t\t\t<\/div>\n\t\t\t\t\t<\/div>\n\t\t<\/div>\n\t\t\t\t<div class=\"elementor-column elementor-col-50 elementor-top-column elementor-element elementor-element-b91b98b\" data-id=\"b91b98b\" data-element_type=\"column\">\n\t\t\t<div class=\"elementor-widget-wrap elementor-element-populated\">\n\t\t\t\t\t\t<div class=\"elementor-element elementor-element-309f18c elementor-widget elementor-widget-text-editor\" data-id=\"309f18c\" data-element_type=\"widget\" data-widget_type=\"text-editor.default\">\n\t\t\t\t<div class=\"elementor-widget-container\">\n\t\t\t\t\t\t\t\t\t<p><strong>Diadem<br \/><\/strong>Charakteristisch f\u00fcr ein Diadem ist die halbrunde Grundform: hinten offen mit einer Betonung \u00fcber der Stirnmitte. Das bedeutet, dass ein Diadem in der Regel am Kopfhaar befestigt werden muss. Es eignet sich daher besonders f\u00fcr Hochsteckfrisuren.<\/p>\n<p>\u00a0<\/p>\t\t\t\t\t\t\t\t<\/div>\n\t\t\t\t<\/div>\n\t\t\t\t\t<\/div>\n\t\t<\/div>\n\t\t\t\t\t<\/div>\n\t\t<\/section>\n\t\t\t\t<section class=\"elementor-section elementor-top-section elementor-element elementor-element-c60b77b elementor-section-boxed elementor-section-height-default elementor-section-height-default\" data-id=\"c60b77b\" data-element_type=\"section\">\n\t\t\t\t\t\t<div class=\"elementor-container elementor-column-gap-default\">\n\t\t\t\t\t<div class=\"elementor-column elementor-col-50 elementor-top-column elementor-element elementor-element-7f45403\" data-id=\"7f45403\" data-element_type=\"column\">\n\t\t\t<div class=\"elementor-widget-wrap elementor-element-populated\">\n\t\t\t\t\t\t<div class=\"elementor-element elementor-element-44f42f5 elementor-widget elementor-widget-image\" data-id=\"44f42f5\" data-element_type=\"widget\" data-widget_type=\"image.default\">\n\t\t\t\t<div class=\"elementor-widget-container\">\n\t\t\t\t\t\t\t\t\t\t\t\t\t\t\t<img decoding=\"async\" width=\"666\" height=\"1024\" src=\"https:\/\/www.die-kronenwerkstatt.de\/wp-content\/uploads\/2021\/02\/Apfelweinkoenigin-Larissa-Krone-Gold-666x1024.jpg\" class=\"attachment-large size-large wp-image-905\" alt=\"\" srcset=\"https:\/\/www.die-kronenwerkstatt.de\/wp-content\/uploads\/2021\/02\/Apfelweinkoenigin-Larissa-Krone-Gold-666x1024.jpg 666w, https:\/\/www.die-kronenwerkstatt.de\/wp-content\/uploads\/2021\/02\/Apfelweinkoenigin-Larissa-Krone-Gold-195x300.jpg 195w, https:\/\/www.die-kronenwerkstatt.de\/wp-content\/uploads\/2021\/02\/Apfelweinkoenigin-Larissa-Krone-Gold-768x1181.jpg 768w, https:\/\/www.die-kronenwerkstatt.de\/wp-content\/uploads\/2021\/02\/Apfelweinkoenigin-Larissa-Krone-Gold-999x1536.jpg 999w, https:\/\/www.die-kronenwerkstatt.de\/wp-content\/uploads\/2021\/02\/Apfelweinkoenigin-Larissa-Krone-Gold-1332x2048.jpg 1332w, https:\/\/www.die-kronenwerkstatt.de\/wp-content\/uploads\/2021\/02\/Apfelweinkoenigin-Larissa-Krone-Gold-1568x2411.jpg 1568w, https:\/\/www.die-kronenwerkstatt.de\/wp-content\/uploads\/2021\/02\/Apfelweinkoenigin-Larissa-Krone-Gold-scaled.jpg 1665w\" sizes=\"(max-width: 666px) 100vw, 666px\" style=\"width:100%;height:153.75%;max-width:1665px\" \/>\t\t\t\t\t\t\t\t\t\t\t\t\t\t\t<\/div>\n\t\t\t\t<\/div>\n\t\t\t\t\t<\/div>\n\t\t<\/div>\n\t\t\t\t<div class=\"elementor-column elementor-col-50 elementor-top-column elementor-element elementor-element-ec369aa\" data-id=\"ec369aa\" data-element_type=\"column\">\n\t\t\t<div class=\"elementor-widget-wrap elementor-element-populated\">\n\t\t\t\t\t\t<div class=\"elementor-element elementor-element-071d3b2 elementor-widget elementor-widget-text-editor\" data-id=\"071d3b2\" data-element_type=\"widget\" data-widget_type=\"text-editor.default\">\n\t\t\t\t<div class=\"elementor-widget-container\">\n\t\t\t\t\t\t\t\t\t<p><strong>Haarreif<br \/><\/strong>Der offene Haarreif ist wie ein Diadem halbrund, wird aber nicht von vorne sondern von oben auf den Kopf gesetzt. Die Enden der Seiten sitzen hinter den Ohren. Diese Form ist ideal f\u00fcr einen romantisch-verspielten Kopfschmuck und f\u00fcr Kinder.<\/p>\t\t\t\t\t\t\t\t<\/div>\n\t\t\t\t<\/div>\n\t\t\t\t\t<\/div>\n\t\t<\/div>\n\t\t\t\t\t<\/div>\n\t\t<\/section>\n\t\t\t\t<section class=\"elementor-section elementor-top-section elementor-element elementor-element-0868766 elementor-section-boxed elementor-section-height-default elementor-section-height-default\" data-id=\"0868766\" data-element_type=\"section\">\n\t\t\t\t\t\t<div class=\"elementor-container elementor-column-gap-default\">\n\t\t\t\t\t<div class=\"elementor-column elementor-col-100 elementor-top-column elementor-element elementor-element-94ba260\" data-id=\"94ba260\" data-element_type=\"column\">\n\t\t\t<div class=\"elementor-widget-wrap elementor-element-populated\">\n\t\t\t\t\t\t<div class=\"elementor-element elementor-element-27a9bb7 elementor-widget elementor-widget-text-editor\" data-id=\"27a9bb7\" data-element_type=\"widget\" data-widget_type=\"text-editor.default\">\n\t\t\t\t<div class=\"elementor-widget-container\">\n\t\t\t\t\t\t\t\t\t<p>Vorteile Harreif:<\/p>\n<ul>\n<li>\n<p><strong>Verrutscht nicht. <\/strong>Der Haarreif wird gerade von oben auf den Kopf gesetzt. Er kann daher nicht wie das Diadem nach vorne rutschen. Eine zus\u00e4tzliche Befestigung am Kopfhaar meist nicht erforderlich.<\/p>\n<\/li>\n<li>\n<p><strong>Wirkt nat\u00fcrlich. <\/strong>Da der Haarreif nicht befestigt werden muss, kann er mit offenem, langem Haar getragen werden. Je nach der Auswahl der Materialien kann er wie ein Diadem funkeln und glitzern, wirkt aber nicht so \u201edramatisch\u201c oder fraulich-w\u00fcrdevoll.<\/p>\n<\/li>\n<\/ul>\t\t\t\t\t\t\t\t<\/div>\n\t\t\t\t<\/div>\n\t\t\t\t\t<\/div>\n\t\t<\/div>\n\t\t\t\t\t<\/div>\n\t\t<\/section>\n\t\t\t\t<\/div>\n\t\t","protected":false},"excerpt":{"rendered":"<p>KroneEine Krone ist ein geschlossener Reif, der auf der Kopfmitte aufliegt. Das Wort Krone bedeutet im Lateinischen \u201eKranz\u201c. Man kennt die Krone aber nicht nur &#8222;royal&#8220;, sondern aus Naturmaterialien auch als\u00a0 Erntekrone oder Bl\u00fctenkranz. DiademCharakteristisch f\u00fcr ein Diadem ist die halbrunde Grundform: hinten offen mit einer Betonung \u00fcber der Stirnmitte. Das bedeutet, dass ein Diadem&hellip; <a class=\"more-link\" href=\"https:\/\/www.die-kronenwerkstatt.de\/index.php\/grundformen_\/\"><span class=\"screen-reader-text\">Grundformen<\/span> weiterlesen<\/a><\/p>\n","protected":false},"author":1,"featured_media":0,"parent":0,"menu_order":20,"comment_status":"closed","ping_status":"closed","template":"","meta":{"ngg_post_thumbnail":0,"footnotes":""},"class_list":["post-270","page","type-page","status-publish","hentry","entry"],"_links":{"self":[{"href":"https:\/\/www.die-kronenwerkstatt.de\/index.php\/wp-json\/wp\/v2\/pages\/270","targetHints":{"allow":["GET"]}}],"collection":[{"href":"https:\/\/www.die-kronenwerkstatt.de\/index.php\/wp-json\/wp\/v2\/pages"}],"about":[{"href":"https:\/\/www.die-kronenwerkstatt.de\/index.php\/wp-json\/wp\/v2\/types\/page"}],"author":[{"embeddable":true,"href":"https:\/\/www.die-kronenwerkstatt.de\/index.php\/wp-json\/wp\/v2\/users\/1"}],"replies":[{"embeddable":true,"href":"https:\/\/www.die-kronenwerkstatt.de\/index.php\/wp-json\/wp\/v2\/comments?post=270"}],"version-history":[{"count":55,"href":"https:\/\/www.die-kronenwerkstatt.de\/index.php\/wp-json\/wp\/v2\/pages\/270\/revisions"}],"predecessor-version":[{"id":926,"href":"https:\/\/www.die-kronenwerkstatt.de\/index.php\/wp-json\/wp\/v2\/pages\/270\/revisions\/926"}],"wp:attachment":[{"href":"https:\/\/www.die-kronenwerkstatt.de\/index.php\/wp-json\/wp\/v2\/media?parent=270"}],"curies":[{"name":"wp","href":"https:\/\/api.w.org\/{rel}","templated":true}]}}