{"id":696,"date":"2020-10-25T13:42:26","date_gmt":"2020-10-25T12:42:26","guid":{"rendered":"https:\/\/www.die-kronenwerkstatt.de\/?page_id=696"},"modified":"2024-07-21T12:19:15","modified_gmt":"2024-07-21T10:19:15","slug":"thats-meee","status":"publish","type":"page","link":"https:\/\/www.die-kronenwerkstatt.de\/index.php\/thats-meee\/","title":{"rendered":"Thats me"},"content":{"rendered":"\t\t<div data-elementor-type=\"wp-page\" data-elementor-id=\"696\" class=\"elementor elementor-696\">\n\t\t\t\t\t\t<section class=\"elementor-section elementor-top-section elementor-element elementor-element-b074b85 elementor-section-boxed elementor-section-height-default elementor-section-height-default\" data-id=\"b074b85\" data-element_type=\"section\">\n\t\t\t\t\t\t<div class=\"elementor-container elementor-column-gap-default\">\n\t\t\t\t\t<div class=\"elementor-column elementor-col-50 elementor-top-column elementor-element elementor-element-0260e93\" data-id=\"0260e93\" data-element_type=\"column\">\n\t\t\t<div class=\"elementor-widget-wrap elementor-element-populated\">\n\t\t\t\t\t\t<div class=\"elementor-element elementor-element-2808f80 elementor-widget elementor-widget-text-editor\" data-id=\"2808f80\" data-element_type=\"widget\" data-widget_type=\"text-editor.default\">\n\t\t\t\t<div class=\"elementor-widget-container\">\n\t\t\t\t\t\t\t\t\t<p><b>Das Ehrenamt liegt mir am Herzen<\/b><\/p>\n<p><!-- \/wp:paragraph --><!-- wp:paragraph --><\/p>\n<p>Ich bin meinem Stadtteil sehr verbunden und freue mich, dass ich den Vereinsring Goldstein unterst\u00fctzen kann.\u00a0<\/p>\t\t\t\t\t\t\t\t<\/div>\n\t\t\t\t<\/div>\n\t\t\t\t\t<\/div>\n\t\t<\/div>\n\t\t\t\t<div class=\"elementor-column elementor-col-50 elementor-top-column elementor-element elementor-element-2d516c2\" data-id=\"2d516c2\" data-element_type=\"column\">\n\t\t\t<div class=\"elementor-widget-wrap elementor-element-populated\">\n\t\t\t\t\t\t<div class=\"elementor-element elementor-element-dc0201e elementor-widget elementor-widget-image\" data-id=\"dc0201e\" data-element_type=\"widget\" data-widget_type=\"image.default\">\n\t\t\t\t<div class=\"elementor-widget-container\">\n\t\t\t\t\t\t\t\t\t\t\t\t\t\t\t<img fetchpriority=\"high\" decoding=\"async\" width=\"683\" height=\"1024\" src=\"https:\/\/www.die-kronenwerkstatt.de\/wp-content\/uploads\/2021\/02\/Thats_me_Blumenstrauss-683x1024.jpg\" class=\"attachment-large size-large wp-image-950\" alt=\"\" srcset=\"https:\/\/www.die-kronenwerkstatt.de\/wp-content\/uploads\/2021\/02\/Thats_me_Blumenstrauss-683x1024.jpg 683w, https:\/\/www.die-kronenwerkstatt.de\/wp-content\/uploads\/2021\/02\/Thats_me_Blumenstrauss-200x300.jpg 200w, https:\/\/www.die-kronenwerkstatt.de\/wp-content\/uploads\/2021\/02\/Thats_me_Blumenstrauss-768x1152.jpg 768w, https:\/\/www.die-kronenwerkstatt.de\/wp-content\/uploads\/2021\/02\/Thats_me_Blumenstrauss-1024x1536.jpg 1024w, https:\/\/www.die-kronenwerkstatt.de\/wp-content\/uploads\/2021\/02\/Thats_me_Blumenstrauss-1365x2048.jpg 1365w, https:\/\/www.die-kronenwerkstatt.de\/wp-content\/uploads\/2021\/02\/Thats_me_Blumenstrauss-1568x2352.jpg 1568w, https:\/\/www.die-kronenwerkstatt.de\/wp-content\/uploads\/2021\/02\/Thats_me_Blumenstrauss-scaled.jpg 1707w\" sizes=\"(max-width: 683px) 100vw, 683px\" style=\"width:100%;height:149.97%;max-width:1707px\" \/>\t\t\t\t\t\t\t\t\t\t\t\t\t\t\t<\/div>\n\t\t\t\t<\/div>\n\t\t\t\t\t<\/div>\n\t\t<\/div>\n\t\t\t\t\t<\/div>\n\t\t<\/section>\n\t\t\t\t<section class=\"elementor-section elementor-top-section elementor-element elementor-element-54555db1 elementor-section-boxed elementor-section-height-default elementor-section-height-default\" data-id=\"54555db1\" data-element_type=\"section\">\n\t\t\t\t\t\t<div class=\"elementor-container elementor-column-gap-default\">\n\t\t\t\t\t<div class=\"elementor-column elementor-col-100 elementor-top-column elementor-element elementor-element-6a6c5ef2\" data-id=\"6a6c5ef2\" data-element_type=\"column\">\n\t\t\t<div class=\"elementor-widget-wrap elementor-element-populated\">\n\t\t\t\t\t\t<div class=\"elementor-element elementor-element-1fd586a9 elementor-widget elementor-widget-text-editor\" data-id=\"1fd586a9\" data-element_type=\"widget\" data-widget_type=\"text-editor.default\">\n\t\t\t\t<div class=\"elementor-widget-container\">\n\t\t\t\t\t\t\t\t\t<!-- wp:paragraph -->\n<p>Seit 1991 tragen (fast) alle Goldsteiner Rosenhoheiten eine von mir individuell f\u00fcr sie gefertigte Krone aus Rosen. Dazu geh\u00f6ren ein passendes Rosen-Zepter sowie kleine Rosen-Anstecker zum Befestigen der Sch\u00e4rpe.<\/p>\n<p><!-- \/wp:paragraph --><!-- wp:paragraph --><\/p>\n<p><!-- \/wp:paragraph --><!-- wp:paragraph --><\/p>\n<p>\u00a0<\/p>\n<!-- \/wp:paragraph --><!-- wp:paragraph -->\n<p>Ich stelle diese Unikate ehrenamtlich her und berechne lediglich die Materialkosten. Sie betragen je nach dem gew\u00e4hlten Material und der Art der Krone oder des Diadems ca. 60 \u2013 120 Euro.<\/p>\n<!-- \/wp:paragraph --><!-- wp:paragraph --><!-- \/wp:group --><!-- wp:paragraph -->\n<p>\u00a0<\/p>\n<!-- \/wp:paragraph -->\t\t\t\t\t\t\t\t<\/div>\n\t\t\t\t<\/div>\n\t\t\t\t\t<\/div>\n\t\t<\/div>\n\t\t\t\t\t<\/div>\n\t\t<\/section>\n\t\t\t\t<section class=\"elementor-section elementor-top-section elementor-element elementor-element-da50417 elementor-section-boxed elementor-section-height-default elementor-section-height-default\" data-id=\"da50417\" data-element_type=\"section\">\n\t\t\t\t\t\t<div class=\"elementor-container elementor-column-gap-default\">\n\t\t\t\t\t<div class=\"elementor-column elementor-col-100 elementor-top-column elementor-element elementor-element-5f264eb\" data-id=\"5f264eb\" data-element_type=\"column\">\n\t\t\t<div class=\"elementor-widget-wrap elementor-element-populated\">\n\t\t\t\t\t\t<div class=\"elementor-element elementor-element-4c13459 elementor-widget elementor-widget-text-editor\" data-id=\"4c13459\" data-element_type=\"widget\" data-widget_type=\"text-editor.default\">\n\t\t\t\t<div class=\"elementor-widget-container\">\n\t\t\t\t\t\t\t\t\t<p><strong>Wo shoppen gekr\u00f6nte H\u00e4upter?<\/strong><\/p>\n<p><!-- \/wp:paragraph --><!-- wp:paragraph --><\/p>\n<p>Jede K\u00f6nigin und jeder K\u00f6nig hat ein anderes Outfit, einen anderen Geschmack und andere W\u00fcnsche. Daher ist es schwierig, passende k\u00f6nigliche Accessoires von der Stange zu kaufen. Und nicht immer ist das Rosenmotiv erh\u00e4ltlich.<\/p>\n<p>\u00a0<\/p>\n<p>Frei nach dem Motto \u201eselbst ist die Frau\/der Mann\u201c kann sich jede Goldsteiner Rosenhoheit Krone und Zepter als ihr eigenes, pers\u00f6nliches Unikat von mir anfertigen lassen. Dies ist auch eine sch\u00f6ne Erinnerung an die ein Jahr w\u00e4hrende Amtsdauer und an die vielen Auftritte in und um Frankfurt.<\/p>\t\t\t\t\t\t\t\t<\/div>\n\t\t\t\t<\/div>\n\t\t\t\t\t<\/div>\n\t\t<\/div>\n\t\t\t\t\t<\/div>\n\t\t<\/section>\n\t\t\t\t<\/div>\n\t\t","protected":false},"excerpt":{"rendered":"<p>Das Ehrenamt liegt mir am Herzen Ich bin meinem Stadtteil sehr verbunden und freue mich, dass ich den Vereinsring Goldstein unterst\u00fctzen kann.\u00a0 Seit 1991 tragen (fast) alle Goldsteiner Rosenhoheiten eine von mir individuell f\u00fcr sie gefertigte Krone aus Rosen. Dazu geh\u00f6ren ein passendes Rosen-Zepter sowie kleine Rosen-Anstecker zum Befestigen der Sch\u00e4rpe. \u00a0 Ich stelle diese&hellip; <a class=\"more-link\" href=\"https:\/\/www.die-kronenwerkstatt.de\/index.php\/thats-meee\/\"><span class=\"screen-reader-text\">Thats me<\/span> weiterlesen<\/a><\/p>\n","protected":false},"author":1,"featured_media":0,"parent":0,"menu_order":40,"comment_status":"closed","ping_status":"closed","template":"","meta":{"ngg_post_thumbnail":0,"footnotes":""},"class_list":["post-696","page","type-page","status-publish","hentry","entry"],"_links":{"self":[{"href":"https:\/\/www.die-kronenwerkstatt.de\/index.php\/wp-json\/wp\/v2\/pages\/696","targetHints":{"allow":["GET"]}}],"collection":[{"href":"https:\/\/www.die-kronenwerkstatt.de\/index.php\/wp-json\/wp\/v2\/pages"}],"about":[{"href":"https:\/\/www.die-kronenwerkstatt.de\/index.php\/wp-json\/wp\/v2\/types\/page"}],"author":[{"embeddable":true,"href":"https:\/\/www.die-kronenwerkstatt.de\/index.php\/wp-json\/wp\/v2\/users\/1"}],"replies":[{"embeddable":true,"href":"https:\/\/www.die-kronenwerkstatt.de\/index.php\/wp-json\/wp\/v2\/comments?post=696"}],"version-history":[{"count":38,"href":"https:\/\/www.die-kronenwerkstatt.de\/index.php\/wp-json\/wp\/v2\/pages\/696\/revisions"}],"predecessor-version":[{"id":1047,"href":"https:\/\/www.die-kronenwerkstatt.de\/index.php\/wp-json\/wp\/v2\/pages\/696\/revisions\/1047"}],"wp:attachment":[{"href":"https:\/\/www.die-kronenwerkstatt.de\/index.php\/wp-json\/wp\/v2\/media?parent=696"}],"curies":[{"name":"wp","href":"https:\/\/api.w.org\/{rel}","templated":true}]}}